{"id":15266,"date":"2024-04-16T18:10:50","date_gmt":"2024-04-16T16:10:50","guid":{"rendered":"https:\/\/centrodevenasdelcaribe.com\/?page_id=15266"},"modified":"2024-04-16T18:12:18","modified_gmt":"2024-04-16T16:12:18","slug":"politicas-cookies","status":"publish","type":"page","link":"https:\/\/centrodevenasdelcaribe.com\/en\/politicas-cookies\/","title":{"rendered":"Pol\u00edticas Cookies"},"content":{"rendered":"<div data-elementor-type=\"wp-page\" data-elementor-id=\"15266\" class=\"elementor elementor-15266\">\n\t\t\t\t<div class=\"elementor-element elementor-element-9bc9413 e-con-full e-flex e-con e-parent\" data-id=\"9bc9413\" data-element_type=\"container\">\n\t\t\t\t<div class=\"elementor-element elementor-element-70c1d7a elementor-widget elementor-widget-spacer\" data-id=\"70c1d7a\" data-element_type=\"widget\" data-widget_type=\"spacer.default\">\n\t\t\t\t<div class=\"elementor-widget-container\">\n\t\t\t\t\t\t\t<div class=\"elementor-spacer\">\n\t\t\t<div class=\"elementor-spacer-inner\"><\/div>\n\t\t<\/div>\n\t\t\t\t\t\t<\/div>\n\t\t\t\t<\/div>\n\t\t\t\t<\/div>\n\t\t<div class=\"elementor-element elementor-element-3b7ad97 e-flex e-con-boxed e-con e-parent\" data-id=\"3b7ad97\" data-element_type=\"container\">\n\t\t\t\t\t<div class=\"e-con-inner\">\n\t\t\t\t<div class=\"elementor-element elementor-element-7240497 elementor-widget elementor-widget-heading\" data-id=\"7240497\" data-element_type=\"widget\" data-widget_type=\"heading.default\">\n\t\t\t\t<div class=\"elementor-widget-container\">\n\t\t\t\t\t<h2 class=\"elementor-heading-title elementor-size-default\">COOKIES POLICY <\/h2>\t\t\t\t<\/div>\n\t\t\t\t<\/div>\n\t\t\t\t\t<\/div>\n\t\t\t\t<\/div>\n\t\t<div class=\"elementor-element elementor-element-148ddf7 e-flex e-con-boxed e-con e-parent\" data-id=\"148ddf7\" data-element_type=\"container\">\n\t\t\t\t\t<div class=\"e-con-inner\">\n\t\t\t\t<div class=\"elementor-element elementor-element-d9621a8 elementor-widget elementor-widget-text-editor\" data-id=\"d9621a8\" data-element_type=\"widget\" data-widget_type=\"text-editor.default\">\n\t\t\t\t<div class=\"elementor-widget-container\">\n\t\t\t\t\t\t\t\t\t<p>A cookie refers to a file that is sent with the purpose of requesting permission to be stored on your computer. Upon accepting said file, it is created and the cookie is then used to obtain information regarding web traffic, and also facilitates future visits to a website. recurrent. Another function that cookies have is that with them the websites can recognize you individually and therefore provide you with the best personalized service on their website.<\/p><p>Our website uses cookies to identify the pages that are visited and their frequency. This information is used only for statistical analysis and then the information is permanently deleted. You can delete cookies at any time from your computer. However, cookies help to provide a better service on the websites, they do not give access to information from your computer or from you, unless you want it and provide it directly. You can accept or deny the use of cookies, however most browsers automatically accept cookies as it serves to have a better web service. You can also change your computer settings to decline cookies. If they decline, you may not be able to use some of our services.<\/p><p><strong>Links to Third Parties<\/strong><\/p><p class=\"translation-block\">This website may contain links to other sites that may be of interest to you. Once you click on these links and leave our page, we no longer have control over the site to which you are redirected and therefore we are not responsible for the terms or privacy or the protection of your data on those other third party sites. These sites are subject to their own privacy policies, so it is recommended that you consult them to confirm that you agree with them.<\/p><p><span title=\"\">Centro de Venas del Caribe<\/span>\u00a0se reserva el derecho de cambiar los t\u00e9rminos de la presente Pol\u00edtica de Cookies en cualquier momento.\u00a0<span title=\"\">Centro de Venas del Caribe<\/span>\u00a0no ceder\u00e1 ni distribuir\u00e1 la informaci\u00f3n personal que es recopilada sin su consentimiento, salvo que sea requerido por un juez con una orden judicial.<\/p><p><span id=\"m_-54108651895643132m_8357427022651387986m_-8216379636786693434gmail-result_box\" lang=\"es\">This cookie policy has been generated in\u00a0<a href=\"https:\/\/politicadeprivacidadplantilla.com\/\" target=\"_blank\" rel=\"noopener\" data-saferedirecturl=\"https:\/\/www.google.com\/url?q=https:\/\/politicadeprivacidadplantilla.com\/&amp;source=gmail&amp;ust=1712952319391000&amp;usg=AOvVaw3gnJbahvsJlvwv7JGTEoKh\">politicadeprivacidadplantil<wbr \/>la.com<\/a>.<\/span><\/p>\t\t\t\t\t\t\t\t<\/div>\n\t\t\t\t<\/div>\n\t\t\t\t\t<\/div>\n\t\t\t\t<\/div>\n\t\t\t\t<\/div>","protected":false},"excerpt":{"rendered":"<p>POL\u00cdTICA DE COOKIES Una cookie se refiere a un fichero&hellip;<\/p>\n<p> <a class=\"more-link\" href=\"https:\/\/centrodevenasdelcaribe.com\/en\/politicas-cookies\/\">Read more<\/a><\/p>","protected":false},"author":2,"featured_media":0,"parent":0,"menu_order":0,"comment_status":"closed","ping_status":"closed","template":"elementor_header_footer","meta":{"footnotes":""},"_links":{"self":[{"href":"https:\/\/centrodevenasdelcaribe.com\/en\/wp-json\/wp\/v2\/pages\/15266"}],"collection":[{"href":"https:\/\/centrodevenasdelcaribe.com\/en\/wp-json\/wp\/v2\/pages"}],"about":[{"href":"https:\/\/centrodevenasdelcaribe.com\/en\/wp-json\/wp\/v2\/types\/page"}],"author":[{"embeddable":true,"href":"https:\/\/centrodevenasdelcaribe.com\/en\/wp-json\/wp\/v2\/users\/2"}],"replies":[{"embeddable":true,"href":"https:\/\/centrodevenasdelcaribe.com\/en\/wp-json\/wp\/v2\/comments?post=15266"}],"version-history":[{"count":4,"href":"https:\/\/centrodevenasdelcaribe.com\/en\/wp-json\/wp\/v2\/pages\/15266\/revisions"}],"predecessor-version":[{"id":15274,"href":"https:\/\/centrodevenasdelcaribe.com\/en\/wp-json\/wp\/v2\/pages\/15266\/revisions\/15274"}],"wp:attachment":[{"href":"https:\/\/centrodevenasdelcaribe.com\/en\/wp-json\/wp\/v2\/media?parent=15266"}],"curies":[{"name":"wp","href":"https:\/\/api.w.org\/{rel}","templated":true}]}}